{"id":2560,"date":"2024-09-11T08:49:42","date_gmt":"2024-09-11T06:49:42","guid":{"rendered":"https:\/\/www.laferrotecnica.com\/diventa-distributore\/"},"modified":"2026-03-27T10:22:44","modified_gmt":"2026-03-27T09:22:44","slug":"conviertete-en-distribuidor","status":"publish","type":"page","link":"https:\/\/www.laferrotecnica.com\/es\/conviertete-en-distribuidor\/","title":{"rendered":"Convi\u00e9rtete en distribuidor"},"content":{"rendered":"<p>\u00bfTe interesa convertirte en minorista y distribuidor de barbacoas, braseros de jard\u00edn y accesorios para chimeneas y estufas de pellets?<\/p>\n","protected":false},"excerpt":{"rendered":"<p>\u00bfTe interesa convertirte en minorista y distribuidor de barbacoas, braseros de jard\u00edn y accesorios para chimeneas y estufas de pellets?<\/p>\n","protected":false},"author":1,"featured_media":111,"parent":0,"menu_order":0,"comment_status":"closed","ping_status":"closed","template":"page-diventa-distributore.php","meta":{"_acf_changed":false,"inline_featured_image":false,"footnotes":""},"class_list":["post-2560","page","type-page","status-publish","has-post-thumbnail","hentry"],"acf":[],"yoast_head":"<!-- This site is optimized with the Yoast SEO plugin v27.4 - https:\/\/yoast.com\/product\/yoast-seo-wordpress\/ -->\n<title>Convi\u00e9rtete en distribuidor - LaFerrotecnica<\/title>\n<meta name=\"description\" content=\"Diventa nostro distributore e porta la qualit\u00e0 dei prodotti La FerroTecnica ai tuoi clienti e ottieni una nuova opportunit\u00e0 di crescita nel settore.\" \/>\n<meta name=\"robots\" content=\"index, follow, max-snippet:-1, max-image-preview:large, max-video-preview:-1\" \/>\n<link rel=\"canonical\" href=\"https:\/\/www.laferrotecnica.com\/es\/conviertete-en-distribuidor\/\" \/>\n<meta property=\"og:locale\" content=\"es_ES\" \/>\n<meta property=\"og:type\" content=\"article\" \/>\n<meta property=\"og:title\" content=\"Convi\u00e9rtete en distribuidor - LaFerrotecnica\" \/>\n<meta property=\"og:description\" content=\"Diventa nostro distributore e porta la qualit\u00e0 dei prodotti La FerroTecnica ai tuoi clienti e ottieni una nuova opportunit\u00e0 di crescita nel settore.\" \/>\n<meta property=\"og:url\" content=\"https:\/\/www.laferrotecnica.com\/es\/conviertete-en-distribuidor\/\" \/>\n<meta property=\"og:site_name\" content=\"LaFerrotecnica\" \/>\n<meta property=\"article:publisher\" content=\"https:\/\/www.facebook.com\/profile.php?id=100091678810025\" \/>\n<meta property=\"article:modified_time\" content=\"2026-03-27T09:22:44+00:00\" \/>\n<meta property=\"og:image\" content=\"https:\/\/www.laferrotecnica.com\/wp-content\/uploads\/2024\/09\/laferrotecnica-diventa-distributore.jpg\" \/>\n\t<meta property=\"og:image:width\" content=\"2048\" \/>\n\t<meta property=\"og:image:height\" content=\"1365\" \/>\n\t<meta property=\"og:image:type\" content=\"image\/jpeg\" \/>\n<meta name=\"twitter:card\" content=\"summary_large_image\" \/>\n<meta name=\"twitter:label1\" content=\"Tiempo de lectura\" \/>\n\t<meta name=\"twitter:data1\" content=\"1 minuto\" \/>\n<script type=\"application\/ld+json\" class=\"yoast-schema-graph\">{\"@context\":\"https:\\\/\\\/schema.org\",\"@graph\":[{\"@type\":\"WebPage\",\"@id\":\"https:\\\/\\\/www.laferrotecnica.com\\\/es\\\/conviertete-en-distribuidor\\\/\",\"url\":\"https:\\\/\\\/www.laferrotecnica.com\\\/es\\\/conviertete-en-distribuidor\\\/\",\"name\":\"Convi\u00e9rtete en distribuidor - LaFerrotecnica\",\"isPartOf\":{\"@id\":\"https:\\\/\\\/www.laferrotecnica.com\\\/es\\\/#website\"},\"primaryImageOfPage\":{\"@id\":\"https:\\\/\\\/www.laferrotecnica.com\\\/es\\\/conviertete-en-distribuidor\\\/#primaryimage\"},\"image\":{\"@id\":\"https:\\\/\\\/www.laferrotecnica.com\\\/es\\\/conviertete-en-distribuidor\\\/#primaryimage\"},\"thumbnailUrl\":\"https:\\\/\\\/www.laferrotecnica.com\\\/wp-content\\\/uploads\\\/2024\\\/09\\\/laferrotecnica-diventa-distributore.jpg\",\"datePublished\":\"2024-09-11T06:49:42+00:00\",\"dateModified\":\"2026-03-27T09:22:44+00:00\",\"description\":\"Diventa nostro distributore e porta la qualit\u00e0 dei prodotti La FerroTecnica ai tuoi clienti e ottieni una nuova opportunit\u00e0 di crescita nel settore.\",\"breadcrumb\":{\"@id\":\"https:\\\/\\\/www.laferrotecnica.com\\\/es\\\/conviertete-en-distribuidor\\\/#breadcrumb\"},\"inLanguage\":\"es\",\"potentialAction\":[{\"@type\":\"ReadAction\",\"target\":[\"https:\\\/\\\/www.laferrotecnica.com\\\/es\\\/conviertete-en-distribuidor\\\/\"]}]},{\"@type\":\"ImageObject\",\"inLanguage\":\"es\",\"@id\":\"https:\\\/\\\/www.laferrotecnica.com\\\/es\\\/conviertete-en-distribuidor\\\/#primaryimage\",\"url\":\"https:\\\/\\\/www.laferrotecnica.com\\\/wp-content\\\/uploads\\\/2024\\\/09\\\/laferrotecnica-diventa-distributore.jpg\",\"contentUrl\":\"https:\\\/\\\/www.laferrotecnica.com\\\/wp-content\\\/uploads\\\/2024\\\/09\\\/laferrotecnica-diventa-distributore.jpg\",\"width\":2048,\"height\":1365},{\"@type\":\"BreadcrumbList\",\"@id\":\"https:\\\/\\\/www.laferrotecnica.com\\\/es\\\/conviertete-en-distribuidor\\\/#breadcrumb\",\"itemListElement\":[{\"@type\":\"ListItem\",\"position\":1,\"name\":\"Home\",\"item\":\"https:\\\/\\\/www.laferrotecnica.com\\\/es\\\/\"},{\"@type\":\"ListItem\",\"position\":2,\"name\":\"Convi\u00e9rtete en distribuidor\"}]},{\"@type\":\"WebSite\",\"@id\":\"https:\\\/\\\/www.laferrotecnica.com\\\/es\\\/#website\",\"url\":\"https:\\\/\\\/www.laferrotecnica.com\\\/es\\\/\",\"name\":\"La Ferro Tecnica\",\"description\":\"Barbecue, bracieri per giardino e accessori per il caminetto\",\"potentialAction\":[{\"@type\":\"SearchAction\",\"target\":{\"@type\":\"EntryPoint\",\"urlTemplate\":\"https:\\\/\\\/www.laferrotecnica.com\\\/es\\\/?s={search_term_string}\"},\"query-input\":{\"@type\":\"PropertyValueSpecification\",\"valueRequired\":true,\"valueName\":\"search_term_string\"}}],\"inLanguage\":\"es\"}]}<\/script>\n<!-- \/ Yoast SEO plugin. -->","yoast_head_json":{"title":"Convi\u00e9rtete en distribuidor - LaFerrotecnica","description":"Diventa nostro distributore e porta la qualit\u00e0 dei prodotti La FerroTecnica ai tuoi clienti e ottieni una nuova opportunit\u00e0 di crescita nel settore.","robots":{"index":"index","follow":"follow","max-snippet":"max-snippet:-1","max-image-preview":"max-image-preview:large","max-video-preview":"max-video-preview:-1"},"canonical":"https:\/\/www.laferrotecnica.com\/es\/conviertete-en-distribuidor\/","og_locale":"es_ES","og_type":"article","og_title":"Convi\u00e9rtete en distribuidor - LaFerrotecnica","og_description":"Diventa nostro distributore e porta la qualit\u00e0 dei prodotti La FerroTecnica ai tuoi clienti e ottieni una nuova opportunit\u00e0 di crescita nel settore.","og_url":"https:\/\/www.laferrotecnica.com\/es\/conviertete-en-distribuidor\/","og_site_name":"LaFerrotecnica","article_publisher":"https:\/\/www.facebook.com\/profile.php?id=100091678810025","article_modified_time":"2026-03-27T09:22:44+00:00","og_image":[{"width":2048,"height":1365,"url":"https:\/\/www.laferrotecnica.com\/wp-content\/uploads\/2024\/09\/laferrotecnica-diventa-distributore.jpg","type":"image\/jpeg"}],"twitter_card":"summary_large_image","twitter_misc":{"Tiempo de lectura":"1 minuto"},"schema":{"@context":"https:\/\/schema.org","@graph":[{"@type":"WebPage","@id":"https:\/\/www.laferrotecnica.com\/es\/conviertete-en-distribuidor\/","url":"https:\/\/www.laferrotecnica.com\/es\/conviertete-en-distribuidor\/","name":"Convi\u00e9rtete en distribuidor - LaFerrotecnica","isPartOf":{"@id":"https:\/\/www.laferrotecnica.com\/es\/#website"},"primaryImageOfPage":{"@id":"https:\/\/www.laferrotecnica.com\/es\/conviertete-en-distribuidor\/#primaryimage"},"image":{"@id":"https:\/\/www.laferrotecnica.com\/es\/conviertete-en-distribuidor\/#primaryimage"},"thumbnailUrl":"https:\/\/www.laferrotecnica.com\/wp-content\/uploads\/2024\/09\/laferrotecnica-diventa-distributore.jpg","datePublished":"2024-09-11T06:49:42+00:00","dateModified":"2026-03-27T09:22:44+00:00","description":"Diventa nostro distributore e porta la qualit\u00e0 dei prodotti La FerroTecnica ai tuoi clienti e ottieni una nuova opportunit\u00e0 di crescita nel settore.","breadcrumb":{"@id":"https:\/\/www.laferrotecnica.com\/es\/conviertete-en-distribuidor\/#breadcrumb"},"inLanguage":"es","potentialAction":[{"@type":"ReadAction","target":["https:\/\/www.laferrotecnica.com\/es\/conviertete-en-distribuidor\/"]}]},{"@type":"ImageObject","inLanguage":"es","@id":"https:\/\/www.laferrotecnica.com\/es\/conviertete-en-distribuidor\/#primaryimage","url":"https:\/\/www.laferrotecnica.com\/wp-content\/uploads\/2024\/09\/laferrotecnica-diventa-distributore.jpg","contentUrl":"https:\/\/www.laferrotecnica.com\/wp-content\/uploads\/2024\/09\/laferrotecnica-diventa-distributore.jpg","width":2048,"height":1365},{"@type":"BreadcrumbList","@id":"https:\/\/www.laferrotecnica.com\/es\/conviertete-en-distribuidor\/#breadcrumb","itemListElement":[{"@type":"ListItem","position":1,"name":"Home","item":"https:\/\/www.laferrotecnica.com\/es\/"},{"@type":"ListItem","position":2,"name":"Convi\u00e9rtete en distribuidor"}]},{"@type":"WebSite","@id":"https:\/\/www.laferrotecnica.com\/es\/#website","url":"https:\/\/www.laferrotecnica.com\/es\/","name":"La Ferro Tecnica","description":"Barbecue, bracieri per giardino e accessori per il caminetto","potentialAction":[{"@type":"SearchAction","target":{"@type":"EntryPoint","urlTemplate":"https:\/\/www.laferrotecnica.com\/es\/?s={search_term_string}"},"query-input":{"@type":"PropertyValueSpecification","valueRequired":true,"valueName":"search_term_string"}}],"inLanguage":"es"}]}},"_links":{"self":[{"href":"https:\/\/www.laferrotecnica.com\/es\/wp-json\/wp\/v2\/pages\/2560","targetHints":{"allow":["GET"]}}],"collection":[{"href":"https:\/\/www.laferrotecnica.com\/es\/wp-json\/wp\/v2\/pages"}],"about":[{"href":"https:\/\/www.laferrotecnica.com\/es\/wp-json\/wp\/v2\/types\/page"}],"author":[{"embeddable":true,"href":"https:\/\/www.laferrotecnica.com\/es\/wp-json\/wp\/v2\/users\/1"}],"replies":[{"embeddable":true,"href":"https:\/\/www.laferrotecnica.com\/es\/wp-json\/wp\/v2\/comments?post=2560"}],"version-history":[{"count":3,"href":"https:\/\/www.laferrotecnica.com\/es\/wp-json\/wp\/v2\/pages\/2560\/revisions"}],"predecessor-version":[{"id":3556,"href":"https:\/\/www.laferrotecnica.com\/es\/wp-json\/wp\/v2\/pages\/2560\/revisions\/3556"}],"wp:featuredmedia":[{"embeddable":true,"href":"https:\/\/www.laferrotecnica.com\/es\/wp-json\/wp\/v2\/media\/111"}],"wp:attachment":[{"href":"https:\/\/www.laferrotecnica.com\/es\/wp-json\/wp\/v2\/media?parent=2560"}],"curies":[{"name":"wp","href":"https:\/\/api.w.org\/{rel}","templated":true}]}}