{"id":2559,"date":"2024-09-11T08:49:42","date_gmt":"2024-09-11T06:49:42","guid":{"rendered":"https:\/\/www.laferrotecnica.com\/diventa-distributore\/"},"modified":"2026-03-27T10:22:36","modified_gmt":"2026-03-27T09:22:36","slug":"vertriebspartner-werden","status":"publish","type":"page","link":"https:\/\/www.laferrotecnica.com\/de\/vertriebspartner-werden\/","title":{"rendered":"Vertriebspartner werden"},"content":{"rendered":"<p>Haben Sie Interesse daran, Einzelh\u00e4ndler und Vertriebsh\u00e4ndler f\u00fcr Grills, Feuerstellen und Zubeh\u00f6r f\u00fcr Kamine und Pellet\u00f6fen zu werden?<\/p>\n","protected":false},"excerpt":{"rendered":"<p>Haben Sie Interesse daran, Einzelh\u00e4ndler und Vertriebsh\u00e4ndler f\u00fcr Grills, Feuerstellen und Zubeh\u00f6r f\u00fcr Kamine und Pellet\u00f6fen zu werden?<\/p>\n","protected":false},"author":1,"featured_media":111,"parent":0,"menu_order":0,"comment_status":"closed","ping_status":"closed","template":"page-diventa-distributore.php","meta":{"_acf_changed":false,"inline_featured_image":false,"footnotes":""},"class_list":["post-2559","page","type-page","status-publish","has-post-thumbnail","hentry"],"acf":[],"yoast_head":"<!-- This site is optimized with the Yoast SEO plugin v27.4 - https:\/\/yoast.com\/product\/yoast-seo-wordpress\/ -->\n<title>Vertriebspartner werden - LaFerrotecnica<\/title>\n<meta name=\"description\" content=\"Diventa nostro distributore e porta la qualit\u00e0 dei prodotti La FerroTecnica ai tuoi clienti e ottieni una nuova opportunit\u00e0 di crescita nel settore.\" \/>\n<meta name=\"robots\" content=\"index, follow, max-snippet:-1, max-image-preview:large, max-video-preview:-1\" \/>\n<link rel=\"canonical\" href=\"https:\/\/www.laferrotecnica.com\/de\/vertriebspartner-werden\/\" \/>\n<meta property=\"og:locale\" content=\"de_DE\" \/>\n<meta property=\"og:type\" content=\"article\" \/>\n<meta property=\"og:title\" content=\"Vertriebspartner werden - LaFerrotecnica\" \/>\n<meta property=\"og:description\" content=\"Diventa nostro distributore e porta la qualit\u00e0 dei prodotti La FerroTecnica ai tuoi clienti e ottieni una nuova opportunit\u00e0 di crescita nel settore.\" \/>\n<meta property=\"og:url\" content=\"https:\/\/www.laferrotecnica.com\/de\/vertriebspartner-werden\/\" \/>\n<meta property=\"og:site_name\" content=\"LaFerrotecnica\" \/>\n<meta property=\"article:publisher\" content=\"https:\/\/www.facebook.com\/profile.php?id=100091678810025\" \/>\n<meta property=\"article:modified_time\" content=\"2026-03-27T09:22:36+00:00\" \/>\n<meta property=\"og:image\" content=\"https:\/\/www.laferrotecnica.com\/wp-content\/uploads\/2024\/09\/laferrotecnica-diventa-distributore.jpg\" \/>\n\t<meta property=\"og:image:width\" content=\"2048\" \/>\n\t<meta property=\"og:image:height\" content=\"1365\" \/>\n\t<meta property=\"og:image:type\" content=\"image\/jpeg\" \/>\n<meta name=\"twitter:card\" content=\"summary_large_image\" \/>\n<meta name=\"twitter:label1\" content=\"Gesch\u00e4tzte Lesezeit\" \/>\n\t<meta name=\"twitter:data1\" content=\"1\u00a0Minute\" \/>\n<script type=\"application\/ld+json\" class=\"yoast-schema-graph\">{\"@context\":\"https:\\\/\\\/schema.org\",\"@graph\":[{\"@type\":\"WebPage\",\"@id\":\"https:\\\/\\\/www.laferrotecnica.com\\\/de\\\/vertriebspartner-werden\\\/\",\"url\":\"https:\\\/\\\/www.laferrotecnica.com\\\/de\\\/vertriebspartner-werden\\\/\",\"name\":\"Vertriebspartner werden - LaFerrotecnica\",\"isPartOf\":{\"@id\":\"https:\\\/\\\/www.laferrotecnica.com\\\/de\\\/#website\"},\"primaryImageOfPage\":{\"@id\":\"https:\\\/\\\/www.laferrotecnica.com\\\/de\\\/vertriebspartner-werden\\\/#primaryimage\"},\"image\":{\"@id\":\"https:\\\/\\\/www.laferrotecnica.com\\\/de\\\/vertriebspartner-werden\\\/#primaryimage\"},\"thumbnailUrl\":\"https:\\\/\\\/www.laferrotecnica.com\\\/wp-content\\\/uploads\\\/2024\\\/09\\\/laferrotecnica-diventa-distributore.jpg\",\"datePublished\":\"2024-09-11T06:49:42+00:00\",\"dateModified\":\"2026-03-27T09:22:36+00:00\",\"description\":\"Diventa nostro distributore e porta la qualit\u00e0 dei prodotti La FerroTecnica ai tuoi clienti e ottieni una nuova opportunit\u00e0 di crescita nel settore.\",\"breadcrumb\":{\"@id\":\"https:\\\/\\\/www.laferrotecnica.com\\\/de\\\/vertriebspartner-werden\\\/#breadcrumb\"},\"inLanguage\":\"de\",\"potentialAction\":[{\"@type\":\"ReadAction\",\"target\":[\"https:\\\/\\\/www.laferrotecnica.com\\\/de\\\/vertriebspartner-werden\\\/\"]}]},{\"@type\":\"ImageObject\",\"inLanguage\":\"de\",\"@id\":\"https:\\\/\\\/www.laferrotecnica.com\\\/de\\\/vertriebspartner-werden\\\/#primaryimage\",\"url\":\"https:\\\/\\\/www.laferrotecnica.com\\\/wp-content\\\/uploads\\\/2024\\\/09\\\/laferrotecnica-diventa-distributore.jpg\",\"contentUrl\":\"https:\\\/\\\/www.laferrotecnica.com\\\/wp-content\\\/uploads\\\/2024\\\/09\\\/laferrotecnica-diventa-distributore.jpg\",\"width\":2048,\"height\":1365},{\"@type\":\"BreadcrumbList\",\"@id\":\"https:\\\/\\\/www.laferrotecnica.com\\\/de\\\/vertriebspartner-werden\\\/#breadcrumb\",\"itemListElement\":[{\"@type\":\"ListItem\",\"position\":1,\"name\":\"Home\",\"item\":\"https:\\\/\\\/www.laferrotecnica.com\\\/de\\\/\"},{\"@type\":\"ListItem\",\"position\":2,\"name\":\"Vertriebspartner werden\"}]},{\"@type\":\"WebSite\",\"@id\":\"https:\\\/\\\/www.laferrotecnica.com\\\/de\\\/#website\",\"url\":\"https:\\\/\\\/www.laferrotecnica.com\\\/de\\\/\",\"name\":\"La Ferro Tecnica\",\"description\":\"Barbecue, bracieri per giardino e accessori per il caminetto\",\"potentialAction\":[{\"@type\":\"SearchAction\",\"target\":{\"@type\":\"EntryPoint\",\"urlTemplate\":\"https:\\\/\\\/www.laferrotecnica.com\\\/de\\\/?s={search_term_string}\"},\"query-input\":{\"@type\":\"PropertyValueSpecification\",\"valueRequired\":true,\"valueName\":\"search_term_string\"}}],\"inLanguage\":\"de\"}]}<\/script>\n<!-- \/ Yoast SEO plugin. -->","yoast_head_json":{"title":"Vertriebspartner werden - LaFerrotecnica","description":"Diventa nostro distributore e porta la qualit\u00e0 dei prodotti La FerroTecnica ai tuoi clienti e ottieni una nuova opportunit\u00e0 di crescita nel settore.","robots":{"index":"index","follow":"follow","max-snippet":"max-snippet:-1","max-image-preview":"max-image-preview:large","max-video-preview":"max-video-preview:-1"},"canonical":"https:\/\/www.laferrotecnica.com\/de\/vertriebspartner-werden\/","og_locale":"de_DE","og_type":"article","og_title":"Vertriebspartner werden - LaFerrotecnica","og_description":"Diventa nostro distributore e porta la qualit\u00e0 dei prodotti La FerroTecnica ai tuoi clienti e ottieni una nuova opportunit\u00e0 di crescita nel settore.","og_url":"https:\/\/www.laferrotecnica.com\/de\/vertriebspartner-werden\/","og_site_name":"LaFerrotecnica","article_publisher":"https:\/\/www.facebook.com\/profile.php?id=100091678810025","article_modified_time":"2026-03-27T09:22:36+00:00","og_image":[{"width":2048,"height":1365,"url":"https:\/\/www.laferrotecnica.com\/wp-content\/uploads\/2024\/09\/laferrotecnica-diventa-distributore.jpg","type":"image\/jpeg"}],"twitter_card":"summary_large_image","twitter_misc":{"Gesch\u00e4tzte Lesezeit":"1\u00a0Minute"},"schema":{"@context":"https:\/\/schema.org","@graph":[{"@type":"WebPage","@id":"https:\/\/www.laferrotecnica.com\/de\/vertriebspartner-werden\/","url":"https:\/\/www.laferrotecnica.com\/de\/vertriebspartner-werden\/","name":"Vertriebspartner werden - LaFerrotecnica","isPartOf":{"@id":"https:\/\/www.laferrotecnica.com\/de\/#website"},"primaryImageOfPage":{"@id":"https:\/\/www.laferrotecnica.com\/de\/vertriebspartner-werden\/#primaryimage"},"image":{"@id":"https:\/\/www.laferrotecnica.com\/de\/vertriebspartner-werden\/#primaryimage"},"thumbnailUrl":"https:\/\/www.laferrotecnica.com\/wp-content\/uploads\/2024\/09\/laferrotecnica-diventa-distributore.jpg","datePublished":"2024-09-11T06:49:42+00:00","dateModified":"2026-03-27T09:22:36+00:00","description":"Diventa nostro distributore e porta la qualit\u00e0 dei prodotti La FerroTecnica ai tuoi clienti e ottieni una nuova opportunit\u00e0 di crescita nel settore.","breadcrumb":{"@id":"https:\/\/www.laferrotecnica.com\/de\/vertriebspartner-werden\/#breadcrumb"},"inLanguage":"de","potentialAction":[{"@type":"ReadAction","target":["https:\/\/www.laferrotecnica.com\/de\/vertriebspartner-werden\/"]}]},{"@type":"ImageObject","inLanguage":"de","@id":"https:\/\/www.laferrotecnica.com\/de\/vertriebspartner-werden\/#primaryimage","url":"https:\/\/www.laferrotecnica.com\/wp-content\/uploads\/2024\/09\/laferrotecnica-diventa-distributore.jpg","contentUrl":"https:\/\/www.laferrotecnica.com\/wp-content\/uploads\/2024\/09\/laferrotecnica-diventa-distributore.jpg","width":2048,"height":1365},{"@type":"BreadcrumbList","@id":"https:\/\/www.laferrotecnica.com\/de\/vertriebspartner-werden\/#breadcrumb","itemListElement":[{"@type":"ListItem","position":1,"name":"Home","item":"https:\/\/www.laferrotecnica.com\/de\/"},{"@type":"ListItem","position":2,"name":"Vertriebspartner werden"}]},{"@type":"WebSite","@id":"https:\/\/www.laferrotecnica.com\/de\/#website","url":"https:\/\/www.laferrotecnica.com\/de\/","name":"La Ferro Tecnica","description":"Barbecue, bracieri per giardino e accessori per il caminetto","potentialAction":[{"@type":"SearchAction","target":{"@type":"EntryPoint","urlTemplate":"https:\/\/www.laferrotecnica.com\/de\/?s={search_term_string}"},"query-input":{"@type":"PropertyValueSpecification","valueRequired":true,"valueName":"search_term_string"}}],"inLanguage":"de"}]}},"_links":{"self":[{"href":"https:\/\/www.laferrotecnica.com\/de\/wp-json\/wp\/v2\/pages\/2559","targetHints":{"allow":["GET"]}}],"collection":[{"href":"https:\/\/www.laferrotecnica.com\/de\/wp-json\/wp\/v2\/pages"}],"about":[{"href":"https:\/\/www.laferrotecnica.com\/de\/wp-json\/wp\/v2\/types\/page"}],"author":[{"embeddable":true,"href":"https:\/\/www.laferrotecnica.com\/de\/wp-json\/wp\/v2\/users\/1"}],"replies":[{"embeddable":true,"href":"https:\/\/www.laferrotecnica.com\/de\/wp-json\/wp\/v2\/comments?post=2559"}],"version-history":[{"count":3,"href":"https:\/\/www.laferrotecnica.com\/de\/wp-json\/wp\/v2\/pages\/2559\/revisions"}],"predecessor-version":[{"id":3555,"href":"https:\/\/www.laferrotecnica.com\/de\/wp-json\/wp\/v2\/pages\/2559\/revisions\/3555"}],"wp:featuredmedia":[{"embeddable":true,"href":"https:\/\/www.laferrotecnica.com\/de\/wp-json\/wp\/v2\/media\/111"}],"wp:attachment":[{"href":"https:\/\/www.laferrotecnica.com\/de\/wp-json\/wp\/v2\/media?parent=2559"}],"curies":[{"name":"wp","href":"https:\/\/api.w.org\/{rel}","templated":true}]}}